{"id":19,"date":"2017-04-26T17:16:33","date_gmt":"2017-04-26T15:16:33","guid":{"rendered":"http:\/\/computerservice-langenhagen.de\/?page_id=19"},"modified":"2018-05-18T12:35:57","modified_gmt":"2018-05-18T10:35:57","slug":"agb","status":"publish","type":"page","link":"http:\/\/computerservice-langenhagen.de\/?page_id=19","title":{"rendered":"AGB"},"content":{"rendered":"<p>Allgemeine Gesch\u00e4ftsbedingungen des Computerservice-Langenhagen<\/p>\n<p>Stand: 17. Juni 2012)<\/p>\n<p><strong><u>1. Allgemeine Regelungen<\/u><\/strong><\/p>\n<p>Die nachstehenden Bedingungen sind im beiderseitigen Einverst\u00e4ndnis Vertragsbestandteil. Von diesen Verkaufs &#8211; und Leistungsbedingungen abweichende Bedingungen des Auftraggebers\/Bestellers\/K\u00e4ufers haben keine G\u00fcltigkeit. Abweichungen, Erg\u00e4nzungen sowie besondere Zusicherungen bed\u00fcrfen zu ihrer Wirksamkeit der Schriftform.<br \/>\nDiese Gesch\u00e4ftsbedingungen gelten f\u00fcr den gesamten Gesch\u00e4ftsverkehr zwischen uns als Auftragnehmer (AN) und dem Auftraggeber (AG). Sie gelten auch dann, wenn der AG \u00fcber eigene Gesch\u00e4ftsbedingungen verf\u00fcgt und\/oder auf solche verweist, es sei denn, diese werden schriftlich vor Auftragserteilung vereinbart. Diese allgemeinen Gesch\u00e4ftsbedingungen (AGB) sind Bestandteil aller Vertr\u00e4ge mit Computerservice-Langenhagen \u2013 J\u00fcrgen Miethe, nachfolgend Computerservice-Langenhagen genannt.<\/p>\n<hr \/>\n<p><strong><u>2. Angebote<\/u><\/strong><\/p>\n<p>Angebote sind stets freibleibend und k\u00f6nnen von Computerservice-Langenhagen bis zur rechtsverbindlichen Annahme durch den Auftraggeber jederzeit widerrufen werden. Bestellungen des Auftraggebers stellen verbindliche Angebote dar, die Computerservice-Langenhagen innerhalb von zwei Wochen nach Zugang annehmen kann. Bestellungen des Auftraggebers werden von Computerservice-Langenhagen durch schriftliche Auftragsbest\u00e4tigung angenommen. Internet-Bestellungen (durch E-Mail\/Formularversand) sind auch ohne Unterschrift f\u00fcr den Auftraggeber bindend.<br \/>\nPauschalangebote sind bis zum genannten Zeitpunkt verbindlich. Ein Kaufvertrag kommt erst durch unsere schriftliche Auftragsbest\u00e4tigung zustande. Erfolgt unsere Lieferung, ohne dass dem K\u00e4ufer vorher eine Auftragsbest\u00e4tigung zuging, so kommt der Vertrag mit \u00dcbergabe der Ware an den Spediteur oder den Frachtf\u00fchrer zustande. Angebote und die Annahme bzw. Best\u00e4tigung von Bestellungen erfolgen unter dem Vorbehalt rechtzeitiger und ausreichender Selbstbelieferung. Bei nicht ausreichender Selbstbelieferung sind wir berechtigt, nach einer Frist von 14 Tagen vom Vertrag zur\u00fcckzutreten.<\/p>\n<hr \/>\n<p><strong><u>3. Lieferung<\/u><\/strong><\/p>\n<p>Lieferfristen und -termine gelten als ann\u00e4hernd vereinbart. Vorzeitige Lieferung ist zul\u00e4ssig. Alle Lieferungen erfolgen ab Lager. Wir behalten uns eine Teillieferung vor. Sollte die Auslieferung der Ware verz\u00f6gert werden, so kann uns der Besteller eine angemessene Nachfrist von mindestens 14 Tagen setzen. F\u00fcr die Einhaltung der Frist gen\u00fcgt die rechtzeitige Absendung der Ware. Im Fall der Nichterf\u00fcllung durch den K\u00e4ufer k\u00f6nnen wir den uns entstandenen Schaden ersetzt verlangen. Schadenersatzanspr\u00fcche wegen versp\u00e4teter Lieferung sind in jedem Fall ausgeschlossen, sofern die Versp\u00e4tung nicht auf Vorsatz oder grobe Fahrl\u00e4ssigkeit unsererseits zur\u00fcckzuf\u00fchren ist. Offensichtlich unrichtige oder unvollst\u00e4ndige Lieferungen, sowie offensichtliche M\u00e4ngel hat uns der K\u00e4ufer unverz\u00fcglich schriftlich anzuzeigen, ansonsten sind wir von der M\u00e4ngelhaftung befreit.<\/p>\n<hr \/>\n<p><strong><u>4. Gew\u00e4hrleistung<\/u><\/strong><\/p>\n<p>W\u00e4hrend eines Zeitraums von 24 Monaten auf die Hardware und 30 Tage auf die Softwarekonfiguration (diese darf nicht ver\u00e4ndert worden sein) nach Beendigung des Auftrages hat der AG einen Anspruch auf Beseitigung von bei Auftragsdurchf\u00fchrung entstandenen Fehlern und M\u00e4ngeln (Nachbesserungsrecht). Dazu hat uns der AG schriftlich und tunlichst unter Benennung der M\u00e4ngelpunkte aufzufordern.<br \/>\nTelefonische R\u00fcgen gelten auch dann nicht als M\u00e4ngelr\u00fcgen in diesem Sinne, wenn dies zu einer Ma\u00dfnahme durch uns f\u00fchrt oder schon gef\u00fchrt hat. Au\u00dferdem hat uns der AG eine angemessene Zeit zur M\u00e4ngelbehebung einzur\u00e4umen. K\u00f6nnen wir innerhalb angemessener Frist einen unserer Gew\u00e4hrleistungsverpflichtung unterliegenden Mangel nicht beseitigen und lehnt der AG weitere Arbeiten durch uns ab oder sind weitere Nachbesserungsarbeiten uns nicht zumutbar, so kann der AG wahlweise den Vertrag R\u00fcckabwickeln (wandeln) oder die Verg\u00fctung mindern (Herabsetzung der Verg\u00fctung). Die Geltendmachung eines dar\u00fcber hinaus gehenden Schadens wird ausdr\u00fccklich ausgeschlossen, es sei denn, es liegt Vorsatz oder grobe Fahrl\u00e4ssigkeit vor. Offensichtliche M\u00e4ngel der gelieferten Ware sind innerhalb zwei Wochen nach der Lieferung anzuzeigen. Andernfalls gilt die Ware als vorbehaltlos angenommen. Gew\u00e4hrleistungsanspr\u00fcche wegen eines Sachmangels verj\u00e4hren nach einem Zeitraum von 24 Monaten bei Neuwaren und 12 Monaten bei Gebrauchtwaren nach der Lieferung bzw. Einbau. Auf Verschlei\u00dfteile wird grunds\u00e4tzlich keine Gew\u00e4hr geleistet Sch\u00e4den, die ausschlie\u00dflich durch unsachgem\u00e4\u00dfe Behandlung, Konfiguration, Wartung oder unsachgem\u00e4\u00dfe R\u00fccksendung, sowie durch Nichtbeachtung der Gebrauchsanweisung entstanden sind, werden von den Gew\u00e4hrleistungsanspr\u00fcchen nicht erfasst. Sch\u00e4den, die durch Fremdeingriffe entstanden sind, gehen nicht zu unseren Lasten und werden ebenfalls von den Gew\u00e4hrleistungsanspr\u00fcchen nicht erfasst.<br \/>\nTransportsch\u00e4den sind dem Transportunternehmen sofort anzuzeigen.<\/p>\n<hr \/>\n<p><strong><u>5. Herstellergarantie<\/u><\/strong><\/p>\n<p>Wird vom Hersteller f\u00fcr den Liefergegenstand eine freiwillige Garantie gegen\u00fcber dem Kunden gew\u00e4hrt, richten sich Art und Umfang der Garantieleistungen ausschlie\u00dflich nach dem Inhalt der Herstellergarantie. Aus dieser Garantie kann ausschlie\u00dflich der Hersteller in Anspruch genommen werden. Die unter Punkt 4 beschriebenen Gew\u00e4hrleistungen bleiben hiervon unber\u00fchrt.<\/p>\n<hr \/>\n<p><strong><u>6. Eigentumsvorbehalt<\/u><\/strong><\/p>\n<p>Wir behalten uns das Eigentum an den von uns gelieferten Waren bis zur Zahlung des vollst\u00e4ndigen Rechnungsbetrages vor. Nach Zahlungsverzug des AG sind wir berechtigt, die von uns gelieferte Ware zur\u00fcckzuholen. Ein weiterer Verzugsschaden bleibt davon unber\u00fchrt. Soweit nicht das Verbraucherkreditgesetz anzuwenden ist, gilt die R\u00fcckforderung der Ware oder deren Pf\u00e4ndung nicht als R\u00fccktritt vom Vertrag. Solange unser Eigentumsvorbehalt besteht, darf der AG diese Ware an Dritte weder verpf\u00e4nden noch sicherungs\u00fcbereignen. Falls unsere Rechte durch Dritte beeintr\u00e4chtigt werden oder solches droht, hat uns der AG unverz\u00fcglich davon zu benachrichtigen und uns alle Informationen, die zur Wahrung unserer Rechte geeignet sind oder sein k\u00f6nnen, zur Verf\u00fcgung zu stellen. Au\u00dferdem hat er die Pflicht, erforderlichenfalls auf unsere Rechte hinzuweisen. Soweit uns durch den AG zur Sicherstellung unserer gegen ihn vorhandenen Forderung Sicherheiten \u00fcbertragen worden sind, verpflichten wir uns, einem Austausch gegen eine andere Sicherheit zuzustimmen, sofern zwischenzeitlich eine deutliche \u00dcbersicherung zu unseren Gunsten eingetreten ist und uns gleichzeitig eine ebenb\u00fcrtige und unser Sicherungsinteresse ausreichend ber\u00fccksichtigende Sicherheit gew\u00e4hrt wird.<\/p>\n<hr \/>\n<p><strong><u>7. Zahlungsbedingungen \/ Preise<\/u><\/strong><\/p>\n<p>Der Kaufpreis und die Entgelte f\u00fcr Dienstleistungen sind bei \u00dcbergabe des Liefergegenstandes und nach Leistungserbringung &#8211; unabh\u00e4ngig vom Erfolg \u2013 sofort zur Zahlung f\u00e4llig. Bei Verzug gelten die gesetzlichen Regelungen. Ist der Auftraggeber Kaufmann, eine juristische Person des \u00f6ffentlichen Rechts oder ein \u00f6ffentlich-rechtliches Sonderverm\u00f6gen, ist die Zur\u00fcckhaltung von Zahlungen wegen irgendwelcher von uns nicht anerkannten Gegenanspr\u00fcche des Bestellers nicht statthaft, eben so wenig die Aufrechnung mit solchen. Preise verstehen sich zuz\u00fcglich Verpackungs- und Versandkosten, ohne Software, ohne gesondertes Zubeh\u00f6r, ohne Installation, ohne Schulung und ohne sonstige Nebenleistungen, soweit nicht anders schriftlich vereinbart.<br \/>\nSoweit bei Vertragsabschluss bis zur Ausf\u00fchrung des Auftrages f\u00fcr uns nicht vorhersehbare Kostenerh\u00f6hungen eintreten (insbesondere bei PC Hard &#8211; und Software) sind wir berechtigt, die Preise im Rahmen der ver\u00e4nderten Umst\u00e4nde und ohne Berechnung eines zus\u00e4tzlichen Gewinns anzupassen. Rechnungen sind sofort nach Erhalt (ohne Abzug) an PC-Service-Miethe zu entrichten. Abweichende Zahlungsbedingungenen sind schriftlich zu vereinbaren. Im Falle eines Zahlungsverzuges kann PC-Service-Miethe f\u00fcr die erste und zweite Mahnung Mahngeb\u00fchren in H\u00f6he von jeweils 7,50 \u20ac erheben. Des Weiteren ist PC-Service-Miethe dazu berechtigt, Verzugszinsen nach \u00a7 288 BGB zu verlangen. Es gilt deutsches Mahnrecht. Die von uns genannten Warenpreise und Versandkosten gelten nur f\u00fcr die Lieferung innerhalb Deutschlands. Es gilt unsere jeweils g\u00fcltige Preisliste f\u00fcr IT Dienstleistungen, Anfahrten und Reparaturen. \u00dcber die Preise kann sich der AG jederzeit bei PC-Service-Miethe informieren. Die Preisliste kann jederzeit auf Wunsch zugesendet werden. Vor Auftragserteilung hat sich der Auftraggeber \u00fcber Preise der Firma Computerservice-Langenhagen zu informieren und erkennt diese mit Auftragserteilung an.<\/p>\n<hr \/>\n<p><strong><u>8. Schutzrechte<\/u><\/strong><\/p>\n<p>Der AG sichert zu und haftet uns gegen\u00fcber daf\u00fcr, dass er die dem Auftrag zu Grunde liegende Software nutzen darf und alle daf\u00fcr erforderlichen Lizenzrechte besitzt und dass er berechtigt ist, von ihm gespeicherte Daten, die uns bei Auftragserledigung bekannt werden k\u00f6nnen, uns zug\u00e4nglich zu machen. Wir verpflichten uns zur Einhaltung der datenschutzrechtlichen Bestimmungen dahingehend, weder Daten des AG ohne dessen Zustimmung zu \u00fcbernehmen oder zu nutzen, wozu auch die Weitergabe an Dritte z\u00e4hlt, sofern und soweit wir dazu nicht gesetzlich verpflichtet sind. Der AG gestattet Computerservice-Langenhagen die Nutzung der Daten wie z.B. e-Mail Adressen zu Informationszwecken des AG in Form von Newslettern, Firmeninfos oder als Referenzdaten auf den Webseiten von Computerservice-Langenhagen oder in Schriftform zu nutzen. Dieses Nutzungsrecht kann der AG jederzeit schriftlich widerrufen.<\/p>\n<hr \/>\n<p><strong><u>9. Erf\u00fcllungsort und Gerichtsstand<\/u><\/strong><\/p>\n<p>Ist der Besteller Kaufmann, so ist unser Gesch\u00e4ftssitz Gerichtsstand. Wir sind jedoch auch berechtigt, das Wohnsitzgericht des Bestellers anzurufen. Sofern sich aus der Auftragsbest\u00e4tigung nichts anderes ergibt, ist unser Gesch\u00e4ftssitz Erf\u00fcllungsort. F\u00fcr alle Anspr\u00fcche, gleich welcher Art, gilt das deutsche Recht. Die Geltung des UN-Kaufrechts ist ausgeschlossen.<\/p>\n<hr \/>\n<p><strong><u>10. Haftung f\u00fcr Daten und Hardware<\/u><\/strong><\/p>\n<p>Bei Reparaturen, Fernhilfen, Ein- und Umbauten an Ihrem PC \u00fcbernehmen wir keine Haftung f\u00fcr eventuell auftretende Datenverluste. Der Auftraggeber hat daf\u00fcr Sorge zu tragen, seine Daten durch geeignete Ma\u00dfnahmen (z. B. Backup) zu sch\u00fctzen. Es kann zu nichtwiderherstellbaren Datenverlust kommen. Das Ger\u00e4t ist bei einem Werkstattaufenthalt nicht gegen Einbruch und Diebstahl versichert.<\/p>\n<hr \/>\n<p><strong><u>11. Schadenersatzanspr\u00fcche<\/u><\/strong><\/p>\n<p>Haftung und Schadenersatzanspr\u00fcche sind grunds\u00e4tzlich auf den Auftragswert beschr\u00e4nkt und ausgeschlossen, soweit sie nicht auf vors\u00e4tzliches oder grob fahrl\u00e4ssiges Handeln von PC-Service-Miethe zur\u00fcckzuf\u00fchren sind.<\/p>\n<hr \/>\n<p><strong><u>12. Sonstiges:<\/u><\/strong><\/p>\n<p>Sollte eine Bestimmung dieser Allgemeinen Gesch\u00e4ftsbedingungen unwirksam sein oder werden, so wird dadurch die Wirksamkeit der \u00fcbrigen Bestimmungen nicht ber\u00fchrt.<\/p>\n","protected":false},"excerpt":{"rendered":"<p>Allgemeine Gesch\u00e4ftsbedingungen des Computerservice-Langenhagen Stand: 17. Juni 2012) 1. Allgemeine Regelungen Die nachstehenden Bedingungen sind im beiderseitigen Einverst\u00e4ndnis Vertragsbestandteil. Von diesen Verkaufs &#8211; und Leistungsbedingungen abweichende Bedingungen des Auftraggebers\/Bestellers\/K\u00e4ufers haben keine G\u00fcltigkeit. Abweichungen, Erg\u00e4nzungen sowie besondere Zusicherungen bed\u00fcrfen zu ihrer Wirksamkeit der Schriftform. Diese Gesch\u00e4ftsbedingungen gelten f\u00fcr den gesamten Gesch\u00e4ftsverkehr zwischen uns als Auftragnehmer (AN) &hellip; <\/p>\n<p><a class=\"more-link btn\" href=\"http:\/\/computerservice-langenhagen.de\/?page_id=19\">Weiterlesen<\/a><\/p>\n","protected":false},"author":4,"featured_media":0,"parent":32,"menu_order":0,"comment_status":"closed","ping_status":"closed","template":"template-twocolumnsright.php","meta":{"jetpack_post_was_ever_published":false,"footnotes":""},"jetpack_sharing_enabled":true,"jetpack_shortlink":"https:\/\/wp.me\/P9URZL-j","_links":{"self":[{"href":"http:\/\/computerservice-langenhagen.de\/index.php?rest_route=\/wp\/v2\/pages\/19"}],"collection":[{"href":"http:\/\/computerservice-langenhagen.de\/index.php?rest_route=\/wp\/v2\/pages"}],"about":[{"href":"http:\/\/computerservice-langenhagen.de\/index.php?rest_route=\/wp\/v2\/types\/page"}],"author":[{"embeddable":true,"href":"http:\/\/computerservice-langenhagen.de\/index.php?rest_route=\/wp\/v2\/users\/4"}],"replies":[{"embeddable":true,"href":"http:\/\/computerservice-langenhagen.de\/index.php?rest_route=%2Fwp%2Fv2%2Fcomments&post=19"}],"version-history":[{"count":0,"href":"http:\/\/computerservice-langenhagen.de\/index.php?rest_route=\/wp\/v2\/pages\/19\/revisions"}],"up":[{"embeddable":true,"href":"http:\/\/computerservice-langenhagen.de\/index.php?rest_route=\/wp\/v2\/pages\/32"}],"wp:attachment":[{"href":"http:\/\/computerservice-langenhagen.de\/index.php?rest_route=%2Fwp%2Fv2%2Fmedia&parent=19"}],"curies":[{"name":"wp","href":"https:\/\/api.w.org\/{rel}","templated":true}]}}